{"id":107,"date":"2025-04-29T23:45:27","date_gmt":"2025-04-29T21:45:27","guid":{"rendered":"http:\/\/gkcglob.pl\/?page_id=107"},"modified":"2025-04-29T23:45:27","modified_gmt":"2025-04-29T21:45:27","slug":"o-nas","status":"publish","type":"page","link":"http:\/\/gkcglob.pl\/index.php\/o-nas\/","title":{"rendered":"O nas"},"content":{"rendered":"\n<p class=\"is-style-text-display is-style-text-display--1\">Historia Gliwickiego Klubu Caravaningowego GLOB<\/p>\n\n\n\n<p>Staraniem entuzjast\u00f3w turystyki caravaningowej Feliksa Kwiatkowskiego, Mariana Za\u0142\u0119gi (ju\u017c nie\u017cyj\u0105cy) oraz wsp\u00f3\u0142za\u0142o\u017cyciela z ramienia zarz\u0105du<\/p>\n\n\n\n<p>Auto Moto Klubu Gliwice Mariana Kl\u0119czara, V-ce prezesa A.M.K. ds. Sport\u00f3w Popularnych i Turystyki, w czerwcu 1987 roku, powsta\u0142o przy Auto Moto Klubie Ko\u0142o Caravaningu przyjmuj\u0105c nazw\u0119 \u201eGLOB\u201d<\/p>\n\n\n\n<p>Kolejnymi przewodnicz\u0105cymi byli: Marian Za\u0142\u0119ga (1 rok), Jakub Trembecki (1,5 roku), Feliks Kwiatkowski (3 lata), Marek Tar\u0142owski (2 lata), kolejny raz Marian Za\u0142\u0119ga (4 lata), a od wiosny 1998 roku Marian Kl\u0119czar (pod koniec 2004 roku zrezygnowa\u0142 z funkcji przewodnicz\u0105cego).<\/p>\n\n\n\n<p>Ko\u0142o Caravaningu \u201eGLOB\u201d przy A.M.K. Gliwice by\u0142o ko\u0142em \u015brodowiskowym mieszka\u0144c\u00f3w Gliwic i okolic, ale tak\u017ce mieli\u015bmy cz\u0142onka z Getyngi (Niemcy).<br>Ko\u0142o nie by\u0142o zwi\u0105zane z \u017cadnym zak\u0142adem pracy. Liczy\u0142o 25 za\u0142\u00f3g, kt\u00f3rych cz\u0142onkami s\u0105 ludzie r\u00f3\u017cnych zawod\u00f3w, od pracownik\u00f3w fizycznych przez nauczycieli, in\u017cynier\u00f3w, na emerytach ko\u0144cz\u0105c.<\/p>\n\n\n\n<p>Liczny udzia\u0142 w imprezach krajowych i zagranicznych pozwoli\u0142 cz\u0142onkom Ko\u0142a nawi\u0105za\u0107 serdeczne przyja\u017anie, dokonywa\u0107 wymiany do\u015bwiadcze\u0144 oraz<br>poszerza\u0107 swoje do\u015bwiadczenia turystyczne i krajoznawcze.<\/p>\n\n\n\n<p>GLOB jest w \u015bcis\u0142ej czo\u0142\u00f3wce krajowej w klasyfikacji Klubowej oraz za\u0142ogowej w Og\u00f3lnopolskim Konkursie Caravaningowym Polskiego Zwi\u0105zku Motorowego.<br>W roku 1997 ko\u0142o nasze zaj\u0119\u0142o 1 \u2013sze miejsce na 18 sklasyfikowanych klub\u00f3w, a za\u0142ogi: Struzik (1-miejsce), Tar\u0142owski (2-miejsce) Gil (6), Kotula (8) i Giemra (10) uplasowa\u0142y si\u0119 w pierwszej dziesi\u0105tce na 88 za\u0142\u00f3g sklasyfikowanych.<br>Natomiast w nowej dyscyplinie: Mistrzostwach Polski w Je\u017adzie Samochodem z Przyczep\u0105, w klasyfikacji klubowej zaj\u0119li\u015bmy 5-te miejsce na 14 sklasyfikowanych klub\u00f3w, a w klasyfikacji indywidualnej kol. Kotula zaj\u0105\u0142 3 miejsce na 49 sklasyfikowanych za\u0142\u00f3g.<br>W Okr\u0119gowym Konkursie Carawaningowym klub nasz od wielu lat jest w czo\u0142\u00f3wce startuj\u0105cych klub\u00f3w.<br>W kolejnych latach nigdy nie spadli\u015bmy poni\u017cej 5-go miejsca.<\/p>\n\n\n\n<p>W roku 2003 Ko\u0142o nasze jako jedno z najaktywniejszych w kraju, na zlecenie Zarz\u0105du G\u0142\u00f3wnego Polskiego Zwi\u0105zku Motorowego by\u0142o organizatorem Zlotu Caravaningowego z okazji 30-to lecia Caravaningu w Polskim Zwi\u0105zku Motorowym, kt\u00f3ry odby\u0142 si\u0119 na terenie Campingu w Kamieniu k\/Rybnika.<br>Zlot ten zaszczycili swoj\u0105 obecno\u015bci\u0105: Prezydent \u015awiatowej Federacji Campingu i Caravaningu, Pan Lars Dahlberg z ma\u0142\u017conk\u0105, w\u0142adze Zarz\u0105du G\u0142\u00f3wnego P.Z.M. na czele z Prezesem Andrzejem Witkowskim, w\u0142adze Zarz\u0105du Okr\u0119gowego P.Z.M. w Katowicach z Prezesem Henrykiem Piechelem, oraz przedstawicieciele w\u0142adz miast: Gliwic,Wodzis\u0142awia i Rybnika.<br>Komandorem Zlotu by\u0142 kol. Marian Kl\u0119czar.<\/p>\n\n\n\n<p>W roku 2005 z powodu niezbyt przyjemnej atmosfery w Auto Moto Klubie Gliwice, cz\u0142onkowie Ko\u0142a caravaningu GLOB postanowili od\u0142\u0105czy\u0107 si\u0119 od A.M.K. i za\u0142o\u017cy\u0107 samodzielny Klub Caravaningowy.<br>W 2005 roku zosta\u0142 zarejestrowany w Urz\u0119dzie Miasta Gliwice nowy klub pod nazw\u0105 Gliwicki Klub Caravaningowy \u201eGLOB\u201d, kt\u00f3rego prezesem zosta\u0142 kol. Marian Kl\u0119czar, V-ce prezesem kol. Pawe\u0142 Korek, sekretarzem kol. Janusz Seweryn skarbnikiem kol. Tomasz Korek.<br>W lutym 2009 Marian Kl\u0119czar zosta\u0142 Prezesem Honorowym, a nowy sk\u0142ad zarz\u0105du jest nast\u0119puj\u0105cy: Pawe\u0142 Korek \u2013 Prezes, Jerzy Wojczyk \u2013 wice i Tomasz Korek \u2013 skarbnik.<br>Dzia\u0142alno\u015b\u0107 klubu polega na uczestnictwie w zlotach caravaningowych w kraju i za granic\u0105 i ich organizacji.<br>Poznajemy przez to wspania\u0142ych ludzi, super miejsca, w kt\u00f3rych mo\u017cna znakomicie wypocz\u0105\u0107, doskonale si\u0119 zabawi\u0107, szlifuj\u0105c jednocze\u015bnie swoje umiej\u0119tno\u015bci jazdy z przyczep\u0105, podnosz\u0105c bezpiecze\u0144stwo ruchu drogowego i kultur\u0119 turystyki zmotoryzowanej. Tego samego ucz\u0105 si\u0119 nasze dzieci, z kt\u00f3rych kolejne ju\u017c pokolenia w podobny spos\u00f3b chc\u0105 sp\u0119dza\u0107 sw\u00f3j wolny czas.<\/p>\n","protected":false},"excerpt":{"rendered":"<p>Historia Gliwickiego Klubu Caravaningowego GLOB Staraniem entuzjast\u00f3w turystyki caravaningowej Feliksa Kwiatkowskiego, Mariana Za\u0142\u0119gi (ju\u017c nie\u017cyj\u0105cy) oraz wsp\u00f3\u0142za\u0142o\u017cyciela z ramienia zarz\u0105du Auto Moto Klubu Gliwice Mariana Kl\u0119czara, V-ce prezesa A.M.K. ds. Sport\u00f3w Popularnych i Turystyki, w czerwcu 1987 roku, powsta\u0142o przy Auto Moto Klubie Ko\u0142o Caravaningu przyjmuj\u0105c nazw\u0119 \u201eGLOB\u201d Kolejnymi przewodnicz\u0105cymi byli: Marian Za\u0142\u0119ga (1 rok), [&hellip;]<\/p>\n","protected":false},"author":2,"featured_media":0,"parent":0,"menu_order":0,"comment_status":"closed","ping_status":"closed","template":"","meta":{"footnotes":""},"class_list":["post-107","page","type-page","status-publish","hentry"],"_links":{"self":[{"href":"http:\/\/gkcglob.pl\/index.php\/wp-json\/wp\/v2\/pages\/107","targetHints":{"allow":["GET"]}}],"collection":[{"href":"http:\/\/gkcglob.pl\/index.php\/wp-json\/wp\/v2\/pages"}],"about":[{"href":"http:\/\/gkcglob.pl\/index.php\/wp-json\/wp\/v2\/types\/page"}],"author":[{"embeddable":true,"href":"http:\/\/gkcglob.pl\/index.php\/wp-json\/wp\/v2\/users\/2"}],"replies":[{"embeddable":true,"href":"http:\/\/gkcglob.pl\/index.php\/wp-json\/wp\/v2\/comments?post=107"}],"version-history":[{"count":1,"href":"http:\/\/gkcglob.pl\/index.php\/wp-json\/wp\/v2\/pages\/107\/revisions"}],"predecessor-version":[{"id":108,"href":"http:\/\/gkcglob.pl\/index.php\/wp-json\/wp\/v2\/pages\/107\/revisions\/108"}],"wp:attachment":[{"href":"http:\/\/gkcglob.pl\/index.php\/wp-json\/wp\/v2\/media?parent=107"}],"curies":[{"name":"wp","href":"https:\/\/api.w.org\/{rel}","templated":true}]}}